{"id":14,"date":"2025-08-25T17:15:41","date_gmt":"2025-08-25T17:15:41","guid":{"rendered":"http:\/\/pancrush.local\/?page_id=14"},"modified":"2025-09-04T11:36:36","modified_gmt":"2025-09-04T17:36:36","slug":"politica-de-reembolso","status":"publish","type":"page","link":"https:\/\/pancrush.com.mx\/en\/politica-de-reembolso\/","title":{"rendered":"Refund Policy"},"content":{"rendered":"<p><strong>Returns<\/strong><\/p>\n\n\n\n<p>Our policy lasts 1 day. If it has been 1 day since your purchase, unfortunately we are unable to offer you a refund or exchange.<\/p>\n\n\n\n<p>Do not send your purchase back to Pancrush, instead contact Pancrush directly on their WhatsApp number.<\/p>\n\n\n\n<p>To complete your return, we require a receipt or proof of purchase.<\/p>\n\n\n\n<p><strong>Refunds (if applicable)<\/strong><\/p>\n\n\n\n<p>Once your return is received and inspected, we will send you an email to notify you that we have received your returned item. We will also notify you of the approval or rejection of your refund.<\/p>\n\n\n\n<p>If approved, your refund will be processed and will be applied in cash in case the product is not properly prepared\/cooked.<\/p>\n\n\n\n<p><strong>Sale items (if applicable)<\/strong><\/p>\n\n\n\n<p>Only regular priced items can be refunded, unfortunately sale items cannot be refunded.<\/p>\n\n\n\n<p><strong>Exchanges (if applicable)<\/strong><\/p>\n\n\n\n<p>We only replace items if they are faulty or damaged. If you need to exchange it for the same item, please email us at cortsedgar@gmail.com to request to start the process.<\/p>\n\n\n\n<p><strong>Shipment<\/strong><\/p>\n\n\n\n<p>Before returning your product, contact Pancrush via WhatsApp to argue the need for a refund and proceed with it.<\/p>\n\n\n\n<p>Depending on where you live, the time Pancrush assists in refunding the product may vary.<\/p>","protected":false},"excerpt":{"rendered":"<p>Devoluciones Nuestra pol\u00edtica dura 1 d\u00eda. Si ha pasado 1 d\u00eda desde su compra, desafortunadamente no podemos ofrecerle un reembolso [&hellip;]<\/p>","protected":false},"author":1,"featured_media":0,"parent":0,"menu_order":0,"comment_status":"closed","ping_status":"closed","template":"","meta":{"site-sidebar-layout":"default","site-content-layout":"","ast-site-content-layout":"default","site-content-style":"default","site-sidebar-style":"default","ast-global-header-display":"","ast-banner-title-visibility":"","ast-main-header-display":"","ast-hfb-above-header-display":"","ast-hfb-below-header-display":"","ast-hfb-mobile-header-display":"","site-post-title":"","ast-breadcrumbs-content":"","ast-featured-img":"","footer-sml-layout":"","ast-disable-related-posts":"","theme-transparent-header-meta":"","adv-header-id-meta":"","stick-header-meta":"","header-above-stick-meta":"","header-main-stick-meta":"","header-below-stick-meta":"","astra-migrate-meta-layouts":"default","ast-page-background-enabled":"default","ast-page-background-meta":{"desktop":{"background-color":"var(--ast-global-color-5)","background-image":"","background-repeat":"repeat","background-position":"center center","background-size":"auto","background-attachment":"scroll","background-type":"","background-media":"","overlay-type":"","overlay-color":"","overlay-opacity":"","overlay-gradient":""},"tablet":{"background-color":"","background-image":"","background-repeat":"repeat","background-position":"center center","background-size":"auto","background-attachment":"scroll","background-type":"","background-media":"","overlay-type":"","overlay-color":"","overlay-opacity":"","overlay-gradient":""},"mobile":{"background-color":"","background-image":"","background-repeat":"repeat","background-position":"center center","background-size":"auto","background-attachment":"scroll","background-type":"","background-media":"","overlay-type":"","overlay-color":"","overlay-opacity":"","overlay-gradient":""}},"ast-content-background-meta":{"desktop":{"background-color":"var(--ast-global-color-4)","background-image":"","background-repeat":"repeat","background-position":"center center","background-size":"auto","background-attachment":"scroll","background-type":"","background-media":"","overlay-type":"","overlay-color":"","overlay-opacity":"","overlay-gradient":""},"tablet":{"background-color":"var(--ast-global-color-4)","background-image":"","background-repeat":"repeat","background-position":"center center","background-size":"auto","background-attachment":"scroll","background-type":"","background-media":"","overlay-type":"","overlay-color":"","overlay-opacity":"","overlay-gradient":""},"mobile":{"background-color":"var(--ast-global-color-4)","background-image":"","background-repeat":"repeat","background-position":"center center","background-size":"auto","background-attachment":"scroll","background-type":"","background-media":"","overlay-type":"","overlay-color":"","overlay-opacity":"","overlay-gradient":""}},"_themeisle_gutenberg_block_has_review":false,"footnotes":""},"class_list":["post-14","page","type-page","status-publish","hentry"],"yoast_head":"<!-- This site is optimized with the Yoast SEO plugin v27.4 - https:\/\/yoast.com\/product\/yoast-seo-wordpress\/ -->\n<title>Pol\u00edtica de Reembolso - Amor a Primera Mordida<\/title>\n<meta name=\"robots\" content=\"index, follow, max-snippet:-1, max-image-preview:large, max-video-preview:-1\" \/>\n<link rel=\"canonical\" href=\"https:\/\/pancrush.com.mx\/en\/politica-de-reembolso\/\" \/>\n<meta property=\"og:locale\" content=\"en_US\" \/>\n<meta property=\"og:type\" content=\"article\" \/>\n<meta property=\"og:title\" content=\"Pol\u00edtica de Reembolso - Amor a Primera Mordida\" \/>\n<meta property=\"og:description\" content=\"Devoluciones Nuestra pol\u00edtica dura 1 d\u00eda. Si ha pasado 1 d\u00eda desde su compra, desafortunadamente no podemos ofrecerle un reembolso [&hellip;]\" \/>\n<meta property=\"og:url\" content=\"https:\/\/pancrush.com.mx\/en\/politica-de-reembolso\/\" \/>\n<meta property=\"og:site_name\" content=\"Pancrush\" \/>\n<meta property=\"article:modified_time\" content=\"2025-09-04T17:36:36+00:00\" \/>\n<meta property=\"og:image\" content=\"https:\/\/pancrush.com.mx\/wp-content\/uploads\/2025\/08\/main-logo.png\" \/>\n\t<meta property=\"og:image:width\" content=\"380\" \/>\n\t<meta property=\"og:image:height\" content=\"380\" \/>\n\t<meta property=\"og:image:type\" content=\"image\/png\" \/>\n<meta name=\"twitter:card\" content=\"summary_large_image\" \/>\n<meta name=\"twitter:label1\" content=\"Est. reading time\" \/>\n\t<meta name=\"twitter:data1\" content=\"1 minute\" \/>\n<script type=\"application\/ld+json\" class=\"yoast-schema-graph\">{\"@context\":\"https:\\\/\\\/schema.org\",\"@graph\":[{\"@type\":\"WebPage\",\"@id\":\"https:\\\/\\\/pancrush.com.mx\\\/politica-de-reembolso\\\/\",\"url\":\"https:\\\/\\\/pancrush.com.mx\\\/politica-de-reembolso\\\/\",\"name\":\"Pol\u00edtica de Reembolso - Amor a Primera Mordida\",\"isPartOf\":{\"@id\":\"https:\\\/\\\/pancrush.com.mx\\\/#website\"},\"datePublished\":\"2025-08-25T17:15:41+00:00\",\"dateModified\":\"2025-09-04T17:36:36+00:00\",\"breadcrumb\":{\"@id\":\"https:\\\/\\\/pancrush.com.mx\\\/politica-de-reembolso\\\/#breadcrumb\"},\"inLanguage\":\"en-US\",\"potentialAction\":[{\"@type\":\"ReadAction\",\"target\":[\"https:\\\/\\\/pancrush.com.mx\\\/politica-de-reembolso\\\/\"]}]},{\"@type\":\"BreadcrumbList\",\"@id\":\"https:\\\/\\\/pancrush.com.mx\\\/politica-de-reembolso\\\/#breadcrumb\",\"itemListElement\":[{\"@type\":\"ListItem\",\"position\":1,\"name\":\"Inicio\",\"item\":\"https:\\\/\\\/pancrush.com.mx\\\/\"},{\"@type\":\"ListItem\",\"position\":2,\"name\":\"Pol\u00edtica de Reembolso\"}]},{\"@type\":\"WebSite\",\"@id\":\"https:\\\/\\\/pancrush.com.mx\\\/#website\",\"url\":\"https:\\\/\\\/pancrush.com.mx\\\/\",\"name\":\"Pancrush\",\"description\":\"Amor a Primera Mordida\",\"publisher\":{\"@id\":\"https:\\\/\\\/pancrush.com.mx\\\/#organization\"},\"potentialAction\":[{\"@type\":\"SearchAction\",\"target\":{\"@type\":\"EntryPoint\",\"urlTemplate\":\"https:\\\/\\\/pancrush.com.mx\\\/?s={search_term_string}\"},\"query-input\":{\"@type\":\"PropertyValueSpecification\",\"valueRequired\":true,\"valueName\":\"search_term_string\"}}],\"inLanguage\":\"en-US\"},{\"@type\":\"Organization\",\"@id\":\"https:\\\/\\\/pancrush.com.mx\\\/#organization\",\"name\":\"Pancrush\",\"url\":\"https:\\\/\\\/pancrush.com.mx\\\/\",\"logo\":{\"@type\":\"ImageObject\",\"inLanguage\":\"en-US\",\"@id\":\"https:\\\/\\\/pancrush.com.mx\\\/#\\\/schema\\\/logo\\\/image\\\/\",\"url\":\"https:\\\/\\\/pancrush.com.mx\\\/wp-content\\\/uploads\\\/2025\\\/08\\\/main-logo.png\",\"contentUrl\":\"https:\\\/\\\/pancrush.com.mx\\\/wp-content\\\/uploads\\\/2025\\\/08\\\/main-logo.png\",\"width\":380,\"height\":380,\"caption\":\"Pancrush\"},\"image\":{\"@id\":\"https:\\\/\\\/pancrush.com.mx\\\/#\\\/schema\\\/logo\\\/image\\\/\"},\"sameAs\":[\"https:\\\/\\\/www.instagram.com\\\/pancrush_tj\\\/\"]}]}<\/script>\n<!-- \/ Yoast SEO plugin. -->","yoast_head_json":{"title":"Pol\u00edtica de Reembolso - Amor a Primera Mordida","robots":{"index":"index","follow":"follow","max-snippet":"max-snippet:-1","max-image-preview":"max-image-preview:large","max-video-preview":"max-video-preview:-1"},"canonical":"https:\/\/pancrush.com.mx\/en\/politica-de-reembolso\/","og_locale":"en_US","og_type":"article","og_title":"Pol\u00edtica de Reembolso - Amor a Primera Mordida","og_description":"Devoluciones Nuestra pol\u00edtica dura 1 d\u00eda. Si ha pasado 1 d\u00eda desde su compra, desafortunadamente no podemos ofrecerle un reembolso [&hellip;]","og_url":"https:\/\/pancrush.com.mx\/en\/politica-de-reembolso\/","og_site_name":"Pancrush","article_modified_time":"2025-09-04T17:36:36+00:00","og_image":[{"width":380,"height":380,"url":"https:\/\/pancrush.com.mx\/wp-content\/uploads\/2025\/08\/main-logo.png","type":"image\/png"}],"twitter_card":"summary_large_image","twitter_misc":{"Est. reading time":"1 minute"},"schema":{"@context":"https:\/\/schema.org","@graph":[{"@type":"WebPage","@id":"https:\/\/pancrush.com.mx\/politica-de-reembolso\/","url":"https:\/\/pancrush.com.mx\/politica-de-reembolso\/","name":"Pol\u00edtica de Reembolso - Amor a Primera Mordida","isPartOf":{"@id":"https:\/\/pancrush.com.mx\/#website"},"datePublished":"2025-08-25T17:15:41+00:00","dateModified":"2025-09-04T17:36:36+00:00","breadcrumb":{"@id":"https:\/\/pancrush.com.mx\/politica-de-reembolso\/#breadcrumb"},"inLanguage":"en-US","potentialAction":[{"@type":"ReadAction","target":["https:\/\/pancrush.com.mx\/politica-de-reembolso\/"]}]},{"@type":"BreadcrumbList","@id":"https:\/\/pancrush.com.mx\/politica-de-reembolso\/#breadcrumb","itemListElement":[{"@type":"ListItem","position":1,"name":"Inicio","item":"https:\/\/pancrush.com.mx\/"},{"@type":"ListItem","position":2,"name":"Pol\u00edtica de Reembolso"}]},{"@type":"WebSite","@id":"https:\/\/pancrush.com.mx\/#website","url":"https:\/\/pancrush.com.mx\/","name":"Pancrush","description":"Amor a Primera Mordida","publisher":{"@id":"https:\/\/pancrush.com.mx\/#organization"},"potentialAction":[{"@type":"SearchAction","target":{"@type":"EntryPoint","urlTemplate":"https:\/\/pancrush.com.mx\/?s={search_term_string}"},"query-input":{"@type":"PropertyValueSpecification","valueRequired":true,"valueName":"search_term_string"}}],"inLanguage":"en-US"},{"@type":"Organization","@id":"https:\/\/pancrush.com.mx\/#organization","name":"Pancrush","url":"https:\/\/pancrush.com.mx\/","logo":{"@type":"ImageObject","inLanguage":"en-US","@id":"https:\/\/pancrush.com.mx\/#\/schema\/logo\/image\/","url":"https:\/\/pancrush.com.mx\/wp-content\/uploads\/2025\/08\/main-logo.png","contentUrl":"https:\/\/pancrush.com.mx\/wp-content\/uploads\/2025\/08\/main-logo.png","width":380,"height":380,"caption":"Pancrush"},"image":{"@id":"https:\/\/pancrush.com.mx\/#\/schema\/logo\/image\/"},"sameAs":["https:\/\/www.instagram.com\/pancrush_tj\/"]}]}},"_links":{"self":[{"href":"https:\/\/pancrush.com.mx\/en\/wp-json\/wp\/v2\/pages\/14","targetHints":{"allow":["GET"]}}],"collection":[{"href":"https:\/\/pancrush.com.mx\/en\/wp-json\/wp\/v2\/pages"}],"about":[{"href":"https:\/\/pancrush.com.mx\/en\/wp-json\/wp\/v2\/types\/page"}],"author":[{"embeddable":true,"href":"https:\/\/pancrush.com.mx\/en\/wp-json\/wp\/v2\/users\/1"}],"replies":[{"embeddable":true,"href":"https:\/\/pancrush.com.mx\/en\/wp-json\/wp\/v2\/comments?post=14"}],"version-history":[{"count":3,"href":"https:\/\/pancrush.com.mx\/en\/wp-json\/wp\/v2\/pages\/14\/revisions"}],"predecessor-version":[{"id":517,"href":"https:\/\/pancrush.com.mx\/en\/wp-json\/wp\/v2\/pages\/14\/revisions\/517"}],"wp:attachment":[{"href":"https:\/\/pancrush.com.mx\/en\/wp-json\/wp\/v2\/media?parent=14"}],"curies":[{"name":"wp","href":"https:\/\/api.w.org\/{rel}","templated":true}]}}